{"id":336,"date":"2024-01-06T02:22:54","date_gmt":"2024-01-06T02:22:54","guid":{"rendered":"https:\/\/bellecorporecorporation.com\/?page_id=336"},"modified":"2024-01-06T16:21:41","modified_gmt":"2024-01-06T16:21:41","slug":"contacto","status":"publish","type":"page","link":"https:\/\/bellecorporecorporation.com\/index.php\/contacto\/","title":{"rendered":"Contacto"},"content":{"rendered":"\t\t<div data-elementor-type=\"wp-page\" data-elementor-id=\"336\" class=\"elementor elementor-336\">\n\t\t\t\t\t\t\t<div class=\"elementor-element elementor-element-d67da32 e-con-full e-flex e-con e-parent\" data-id=\"d67da32\" data-element_type=\"container\" data-settings=\"{&quot;content_width&quot;:&quot;full&quot;,&quot;background_background&quot;:&quot;classic&quot;}\" data-core-v316-plus=\"true\">\n\t\t\t\t<\/div>\n\t\t<div class=\"elementor-element elementor-element-a7b61c2 animated-slow e-flex e-con-boxed e-con e-parent\" data-id=\"a7b61c2\" data-element_type=\"container\" data-settings=\"{&quot;animation&quot;:&quot;none&quot;,&quot;content_width&quot;:&quot;boxed&quot;}\" data-core-v316-plus=\"true\">\n\t\t\t\t\t<div class=\"e-con-inner\">\n\t\t\t\t<div class=\"elementor-element elementor-element-1bf35c8 elementor-widget elementor-widget-heading\" data-id=\"1bf35c8\" data-element_type=\"widget\" data-widget_type=\"heading.default\">\n\t\t\t\t<div class=\"elementor-widget-container\">\n\t\t\t<style>\/*! elementor - v3.18.0 - 20-12-2023 *\/\n.elementor-heading-title{padding:0;margin:0;line-height:1}.elementor-widget-heading .elementor-heading-title[class*=elementor-size-]>a{color:inherit;font-size:inherit;line-height:inherit}.elementor-widget-heading .elementor-heading-title.elementor-size-small{font-size:15px}.elementor-widget-heading .elementor-heading-title.elementor-size-medium{font-size:19px}.elementor-widget-heading .elementor-heading-title.elementor-size-large{font-size:29px}.elementor-widget-heading .elementor-heading-title.elementor-size-xl{font-size:39px}.elementor-widget-heading .elementor-heading-title.elementor-size-xxl{font-size:59px}<\/style><h2 class=\"elementor-heading-title elementor-size-default\">Contacto<\/h2>\t\t<\/div>\n\t\t\t\t<\/div>\n\t\t\t\t\t<\/div>\n\t\t\t\t<\/div>\n\t\t<div class=\"elementor-element elementor-element-f199ea6 e-flex e-con-boxed e-con e-parent\" data-id=\"f199ea6\" data-element_type=\"container\" data-settings=\"{&quot;content_width&quot;:&quot;boxed&quot;}\" data-core-v316-plus=\"true\">\n\t\t\t\t\t<div class=\"e-con-inner\">\n\t\t<div class=\"elementor-element elementor-element-dd158df e-con-full e-flex e-con e-child\" data-id=\"dd158df\" data-element_type=\"container\" data-settings=\"{&quot;content_width&quot;:&quot;full&quot;}\">\n\t\t\t\t<div class=\"elementor-element elementor-element-1ff6679 elementor-widget elementor-widget-text-editor\" data-id=\"1ff6679\" data-element_type=\"widget\" data-widget_type=\"text-editor.default\">\n\t\t\t\t<div class=\"elementor-widget-container\">\n\t\t\t<style>\/*! elementor - v3.18.0 - 20-12-2023 *\/\n.elementor-widget-text-editor.elementor-drop-cap-view-stacked .elementor-drop-cap{background-color:#69727d;color:#fff}.elementor-widget-text-editor.elementor-drop-cap-view-framed .elementor-drop-cap{color:#69727d;border:3px solid;background-color:transparent}.elementor-widget-text-editor:not(.elementor-drop-cap-view-default) .elementor-drop-cap{margin-top:8px}.elementor-widget-text-editor:not(.elementor-drop-cap-view-default) .elementor-drop-cap-letter{width:1em;height:1em}.elementor-widget-text-editor .elementor-drop-cap{float:left;text-align:center;line-height:1;font-size:50px}.elementor-widget-text-editor .elementor-drop-cap-letter{display:inline-block}<\/style>\t\t\t\t<p style=\"text-align: center;\"><em><strong>Ubicaci\u00f3n:<\/strong><\/em><\/p><p style=\"text-align: center;\">Panam\u00e1, Colon, Crist\u00f3bal, ave Randolph, Hospital Col\u00f3n 4 Altos<\/p><p style=\"text-align: center;\"><em><strong>\u00a0Tel\u00e9fono: (+507) 4740475<br \/>Celular: (+507) 6450-7915<\/strong><\/em><\/p><p style=\"line-height: 200%; text-align: center;\"><strong><span lang=\"ES-TRAD\" style=\"font-size: 11.0pt; line-height: 200%; mso-ascii-font-family: Calibri; mso-hansi-font-family: Calibri; mso-bidi-font-family: 'Times New Roman'; color: black; mso-fareast-language: ES-TRAD;\">Atenci\u00f3n al Cliente: <\/span><\/strong><span style=\"color: black; font-size: 11pt; text-align: var(--text-align);\">LICENCIADO DANGELO FOX<\/span><\/p><p style=\"line-height: 200%; text-align: center;\"><span lang=\"ES-TRAD\" style=\"font-size: 11.0pt; line-height: 200%; mso-ascii-font-family: Calibri; mso-hansi-font-family: Calibri; mso-bidi-font-family: 'Times New Roman'; color: black; mso-fareast-language: ES-TRAD;\">\u00a0<\/span><span style=\"color: black; font-size: 11pt; text-align: var(--text-align);\"><strong>Administraci\u00f3n<\/strong>: <\/span><span style=\"color: black; font-size: 11pt; text-align: var(--text-align);\">LICENCIADO ANEL ADAMS<\/span><\/p><p style=\"text-align: center;\"><em><strong>Nuestros Correos:<\/strong><\/em><\/p><p style=\"text-align: center;\"><a href=\"mailto:gerencia@bellecorporecorporation.com\">gerencia@bellecorporecorporation.com<\/a><\/p><p style=\"text-align: center;\"><a href=\"mailto:aadams@bellecorporecorporation.com\">aadams@bellecorporecorporation.com<\/a><\/p><p style=\"text-align: center;\"><a href=\"mailto:jlindsay@bellecorporecorporation.com\">jlindsay@bellecorporecorporation.com<\/a><\/p><p style=\"text-align: center;\"><a href=\"mailto:llindsay@bellecorporecorporation.com\">llindsay@bellecorporecorporation.com<\/a><\/p><p style=\"text-align: center;\"><a href=\"mailto:grodriguez@bellecorporecorporation.com\">grodriguez@bellecorporecorporation.com<\/a><\/p><p style=\"text-align: center;\"><a href=\"mailto:mmena@bellecorporecorporation.com\">mmena@bellecorporecorporation.com<\/a><\/p><p style=\"text-align: center;\">jlopez@bellecorporecorporation.com<\/p>\t\t\t\t\t\t<\/div>\n\t\t\t\t<\/div>\n\t\t\t\t<\/div>\n\t\t<div class=\"elementor-element elementor-element-7e63b23 e-con-full e-flex e-con e-child\" data-id=\"7e63b23\" data-element_type=\"container\" data-settings=\"{&quot;content_width&quot;:&quot;full&quot;}\">\n\t\t\t\t<div class=\"elementor-element elementor-element-23afaf8 elementor-widget elementor-widget-image\" data-id=\"23afaf8\" data-element_type=\"widget\" data-widget_type=\"image.default\">\n\t\t\t\t<div class=\"elementor-widget-container\">\n\t\t\t<style>\/*! elementor - v3.18.0 - 20-12-2023 *\/\n.elementor-widget-image{text-align:center}.elementor-widget-image a{display:inline-block}.elementor-widget-image a img[src$=\".svg\"]{width:48px}.elementor-widget-image img{vertical-align:middle;display:inline-block}<\/style>\t\t\t\t\t\t\t\t\t\t\t\t<img fetchpriority=\"high\" decoding=\"async\" width=\"954\" height=\"755\" src=\"https:\/\/bellecorporecorporation.com\/wp-content\/uploads\/2024\/01\/WhatsApp-Image-2024-01-03-at-10.29.16-AM.jpeg\" class=\"attachment-large size-large wp-image-338\" alt=\"\" srcset=\"https:\/\/bellecorporecorporation.com\/wp-content\/uploads\/2024\/01\/WhatsApp-Image-2024-01-03-at-10.29.16-AM.jpeg 954w, https:\/\/bellecorporecorporation.com\/wp-content\/uploads\/2024\/01\/WhatsApp-Image-2024-01-03-at-10.29.16-AM-300x237.jpeg 300w, https:\/\/bellecorporecorporation.com\/wp-content\/uploads\/2024\/01\/WhatsApp-Image-2024-01-03-at-10.29.16-AM-768x608.jpeg 768w\" sizes=\"(max-width: 954px) 100vw, 954px\" \/>\t\t\t\t\t\t\t\t\t\t\t\t\t\t\t<\/div>\n\t\t\t\t<\/div>\n\t\t\t\t<\/div>\n\t\t\t\t\t<\/div>\n\t\t\t\t<\/div>\n\t\t\t\t\t\t\t<\/div>\n\t\t","protected":false},"excerpt":{"rendered":"<p>Contacto Ubicaci\u00f3n: Panam\u00e1, Colon, Crist\u00f3bal, ave Randolph, Hospital Col\u00f3n 4 Altos \u00a0Tel\u00e9fono: (+507) 4740475Celular: (+507) 6450-7915 Atenci\u00f3n al Cliente: LICENCIADO DANGELO FOX \u00a0Administraci\u00f3n: LICENCIADO ANEL ADAMS Nuestros Correos: gerencia@bellecorporecorporation.com aadams@bellecorporecorporation.com jlindsay@bellecorporecorporation.com llindsay@bellecorporecorporation.com grodriguez@bellecorporecorporation.com mmena@bellecorporecorporation.com jlopez@bellecorporecorporation.com<\/p>\n","protected":false},"author":2,"featured_media":0,"parent":0,"menu_order":0,"comment_status":"closed","ping_status":"open","template":"elementor_header_footer","meta":{"_monsterinsights_skip_tracking":false,"_monsterinsights_sitenote_active":false,"_monsterinsights_sitenote_note":"","_monsterinsights_sitenote_category":0},"_links":{"self":[{"href":"https:\/\/bellecorporecorporation.com\/index.php\/wp-json\/wp\/v2\/pages\/336"}],"collection":[{"href":"https:\/\/bellecorporecorporation.com\/index.php\/wp-json\/wp\/v2\/pages"}],"about":[{"href":"https:\/\/bellecorporecorporation.com\/index.php\/wp-json\/wp\/v2\/types\/page"}],"author":[{"embeddable":true,"href":"https:\/\/bellecorporecorporation.com\/index.php\/wp-json\/wp\/v2\/users\/2"}],"replies":[{"embeddable":true,"href":"https:\/\/bellecorporecorporation.com\/index.php\/wp-json\/wp\/v2\/comments?post=336"}],"version-history":[{"count":14,"href":"https:\/\/bellecorporecorporation.com\/index.php\/wp-json\/wp\/v2\/pages\/336\/revisions"}],"predecessor-version":[{"id":388,"href":"https:\/\/bellecorporecorporation.com\/index.php\/wp-json\/wp\/v2\/pages\/336\/revisions\/388"}],"wp:attachment":[{"href":"https:\/\/bellecorporecorporation.com\/index.php\/wp-json\/wp\/v2\/media?parent=336"}],"curies":[{"name":"wp","href":"https:\/\/api.w.org\/{rel}","templated":true}]}}