{"id":269,"date":"2024-01-06T01:43:55","date_gmt":"2024-01-06T01:43:55","guid":{"rendered":"https:\/\/bellecorporecorporation.com\/?page_id=269"},"modified":"2024-01-06T02:15:42","modified_gmt":"2024-01-06T02:15:42","slug":"nuestro-equipo","status":"publish","type":"page","link":"https:\/\/bellecorporecorporation.com\/index.php\/nuestro-equipo\/","title":{"rendered":"Nuestro Equipo"},"content":{"rendered":"\t\t<div data-elementor-type=\"wp-page\" data-elementor-id=\"269\" class=\"elementor elementor-269\">\n\t\t\t\t\t\t\t<div class=\"elementor-element elementor-element-d67da32 e-con-full e-flex e-con e-parent\" data-id=\"d67da32\" data-element_type=\"container\" data-settings=\"{&quot;content_width&quot;:&quot;full&quot;,&quot;background_background&quot;:&quot;classic&quot;}\" data-core-v316-plus=\"true\">\n\t\t\t\t<\/div>\n\t\t<div class=\"elementor-element elementor-element-a7b61c2 animated-slow e-flex e-con-boxed e-con e-parent\" data-id=\"a7b61c2\" data-element_type=\"container\" data-settings=\"{&quot;animation&quot;:&quot;none&quot;,&quot;content_width&quot;:&quot;boxed&quot;}\" data-core-v316-plus=\"true\">\n\t\t\t\t\t<div class=\"e-con-inner\">\n\t\t\t\t<div class=\"elementor-element elementor-element-1bf35c8 elementor-widget elementor-widget-heading\" data-id=\"1bf35c8\" data-element_type=\"widget\" data-widget_type=\"heading.default\">\n\t\t\t\t<div class=\"elementor-widget-container\">\n\t\t\t<style>\/*! elementor - v3.18.0 - 20-12-2023 *\/\n.elementor-heading-title{padding:0;margin:0;line-height:1}.elementor-widget-heading .elementor-heading-title[class*=elementor-size-]>a{color:inherit;font-size:inherit;line-height:inherit}.elementor-widget-heading .elementor-heading-title.elementor-size-small{font-size:15px}.elementor-widget-heading .elementor-heading-title.elementor-size-medium{font-size:19px}.elementor-widget-heading .elementor-heading-title.elementor-size-large{font-size:29px}.elementor-widget-heading .elementor-heading-title.elementor-size-xl{font-size:39px}.elementor-widget-heading .elementor-heading-title.elementor-size-xxl{font-size:59px}<\/style><h2 class=\"elementor-heading-title elementor-size-default\">Nuestro Equipo<\/h2>\t\t<\/div>\n\t\t\t\t<\/div>\n\t\t\t\t\t<\/div>\n\t\t\t\t<\/div>\n\t\t<div class=\"elementor-element elementor-element-f199ea6 e-flex e-con-boxed e-con e-parent\" data-id=\"f199ea6\" data-element_type=\"container\" data-settings=\"{&quot;content_width&quot;:&quot;boxed&quot;}\" data-core-v316-plus=\"true\">\n\t\t\t\t\t<div class=\"e-con-inner\">\n\t\t<div class=\"elementor-element elementor-element-dd158df e-con-full e-flex e-con e-child\" data-id=\"dd158df\" data-element_type=\"container\" data-settings=\"{&quot;content_width&quot;:&quot;full&quot;}\">\n\t\t\t\t<div class=\"elementor-element elementor-element-1ff6679 elementor-widget elementor-widget-text-editor\" data-id=\"1ff6679\" data-element_type=\"widget\" data-widget_type=\"text-editor.default\">\n\t\t\t\t<div class=\"elementor-widget-container\">\n\t\t\t<style>\/*! elementor - v3.18.0 - 20-12-2023 *\/\n.elementor-widget-text-editor.elementor-drop-cap-view-stacked .elementor-drop-cap{background-color:#69727d;color:#fff}.elementor-widget-text-editor.elementor-drop-cap-view-framed .elementor-drop-cap{color:#69727d;border:3px solid;background-color:transparent}.elementor-widget-text-editor:not(.elementor-drop-cap-view-default) .elementor-drop-cap{margin-top:8px}.elementor-widget-text-editor:not(.elementor-drop-cap-view-default) .elementor-drop-cap-letter{width:1em;height:1em}.elementor-widget-text-editor .elementor-drop-cap{float:left;text-align:center;line-height:1;font-size:50px}.elementor-widget-text-editor .elementor-drop-cap-letter{display:inline-block}<\/style>\t\t\t\t<p><em><strong>GRUPO DE GALENOS POR ESPECIALIDAD:<\/strong><\/em><\/p><p><strong>MEDICINA INTERNA<\/strong><\/p><ol><li>NICOLAS HENRY HURTADO<\/li><li>ROLANDO GONZ\u00c1LEZ<\/li><\/ol><p><strong>MEDICINA FAMILIAR Y COMUNITARIA (ENCARGADA DE ENFERMEDADES CR\u00d3NICAS NO TRASMISIBLES)<\/strong><\/p><ol><li>DRA. GEORGINA RODR\u00cdGUEZ VALENCIA<\/li><\/ol><p><strong>CIRUG\u00cdA GENERAL<\/strong><\/p><ol><li>JAMES LINDSAY<\/li><li>ALGIS HERRERA<\/li><\/ol><p><strong>GINECOLOG\u00cdA<\/strong><\/p><ol><li>EDUARDO BASO<\/li><li>YASSER YASSIN<\/li><\/ol><p><strong>NEUMOLOG\u00cdA<\/strong><\/p><ol><li>ROLANDO GONZ\u00c1LEZ<\/li><\/ol><p><strong>ANESTESIOLOG\u00cdA<\/strong><\/p><ol><li>NODIER GUERRERO<\/li><li>AMILCAR AGUILAR<\/li><\/ol><p><strong>MEDICINA CR\u00cdTICA<\/strong><\/p><ol><li>NICOLAS HENRY HURTADO<\/li><\/ol><p><strong>NEFROLOG\u00cdA<\/strong><\/p><ol><li>NICOLAS HENRY HURTADO<\/li><li>GERMAIN TOMLINSON<\/li><\/ol><p><strong>CIRUG\u00cdA VASCULAR PERIF\u00c9RICA<\/strong><\/p><ol><li>KAMAL THORNE<\/li><\/ol><p><strong>CIRUG\u00cdA CARDIOVASCULAR<\/strong><\/p><ol><li>GUSTAVO HIGUERO<\/li><\/ol><p><strong>OTORRINOLARINGOLOGIA<\/strong><\/p><p>DRA. ROSA PONCE<\/p><p><strong>ODONTOLOG\u00cdA<\/strong><\/p><ol><li>ALBERTO FRANCO<\/li><li>DRA. DIANELA L\u00d3PEZ<\/li><\/ol><p><strong>PAT\u00d3LOGO\u00a0<\/strong><\/p><ol><li>DRA. DIANA CORTEZ<\/li><li>DRA. YALIBETH GONZ\u00c1LEZ<\/li><\/ol><p><strong>ORTOPEDIA Y TRAUMATOLOG\u00cdA<\/strong><\/p><ol><li>MAURICIO ANDERSON<\/li><li>ERICK KRAVCIO<\/li><\/ol><p><strong>NEUROCIRUG\u00cdA<\/strong><\/p><ol><li>WALTER KRAVCIO<\/li><li>ALBERTO ALMENDRAL<\/li><\/ol><p><strong>OFTALM\u00d3LOGO<\/strong><\/p><ol><li>DRA. ANA CECILIA IBA\u00d1EZ<\/li><\/ol><p><strong>CARDIOLOG\u00cdA<\/strong><\/p><ol><li>NORBERTO CALZADA<\/li><li>JULIO IGLESIAS<\/li><li>RICARDO BOLA\u00d1OS<\/li><\/ol><p><strong>UROLOG\u00cdA<\/strong><\/p><ol><li>MARTEL DE BERNARD<\/li><li>JULIO RODR\u00cdGUEZ<\/li><li>RICARDO DONDERIS<\/li><li>LENIN MORENO CASTRO<\/li><\/ol><p><strong>MEDICINA GENERAL<\/strong><\/p><ol><li>ISAAC ATKINSON<\/li><li>MARCELINO CABALLERO<\/li><li>CARLOS NAGAR<\/li><li>JUVENAL SAUCEDO<\/li><\/ol><p><strong>CL\u00cdNICA DE HERIDAS Y ATENCI\u00d3N DE ENFERMER\u00cdA A DOMICILIO<\/strong><\/p><ol><li>JAMES LINDSAY<\/li><li>LICDA. ROSALINDA MENDOZA<\/li><\/ol><p><strong>T\u00c9CNICA\u00a0 <\/strong><\/p><ol><li>LAURA LLANES<\/li><\/ol><p><strong>SERVICIO DE AMBULANCIA<\/strong><\/p><ol><li>LICDO. DORIAN DANGELO<\/li><\/ol><p>\u00a0<\/p>\t\t\t\t\t\t<\/div>\n\t\t\t\t<\/div>\n\t\t\t\t<\/div>\n\t\t<div class=\"elementor-element elementor-element-7e63b23 e-con-full e-flex e-con e-child\" data-id=\"7e63b23\" data-element_type=\"container\" data-settings=\"{&quot;content_width&quot;:&quot;full&quot;}\">\n\t\t\t\t<div class=\"elementor-element elementor-element-23afaf8 elementor-widget elementor-widget-image\" data-id=\"23afaf8\" data-element_type=\"widget\" data-widget_type=\"image.default\">\n\t\t\t\t<div class=\"elementor-widget-container\">\n\t\t\t<style>\/*! elementor - v3.18.0 - 20-12-2023 *\/\n.elementor-widget-image{text-align:center}.elementor-widget-image a{display:inline-block}.elementor-widget-image a img[src$=\".svg\"]{width:48px}.elementor-widget-image img{vertical-align:middle;display:inline-block}<\/style>\t\t\t\t\t\t\t\t\t\t\t\t<img fetchpriority=\"high\" decoding=\"async\" width=\"357\" height=\"357\" src=\"https:\/\/bellecorporecorporation.com\/wp-content\/uploads\/2024\/01\/equipo.jpg\" class=\"attachment-large size-large wp-image-271\" alt=\"\" srcset=\"https:\/\/bellecorporecorporation.com\/wp-content\/uploads\/2024\/01\/equipo.jpg 357w, https:\/\/bellecorporecorporation.com\/wp-content\/uploads\/2024\/01\/equipo-300x300.jpg 300w, https:\/\/bellecorporecorporation.com\/wp-content\/uploads\/2024\/01\/equipo-150x150.jpg 150w\" sizes=\"(max-width: 357px) 100vw, 357px\" \/>\t\t\t\t\t\t\t\t\t\t\t\t\t\t\t<\/div>\n\t\t\t\t<\/div>\n\t\t\t\t<\/div>\n\t\t\t\t\t<\/div>\n\t\t\t\t<\/div>\n\t\t\t\t\t\t\t<\/div>\n\t\t","protected":false},"excerpt":{"rendered":"<p>Nuestro Equipo GRUPO DE GALENOS POR ESPECIALIDAD: MEDICINA INTERNA NICOLAS HENRY HURTADO ROLANDO GONZ\u00c1LEZ MEDICINA FAMILIAR Y COMUNITARIA (ENCARGADA DE ENFERMEDADES CR\u00d3NICAS NO TRASMISIBLES) DRA. GEORGINA RODR\u00cdGUEZ VALENCIA CIRUG\u00cdA GENERAL JAMES LINDSAY ALGIS HERRERA GINECOLOG\u00cdA EDUARDO BASO YASSER YASSIN NEUMOLOG\u00cdA ROLANDO GONZ\u00c1LEZ ANESTESIOLOG\u00cdA NODIER GUERRERO AMILCAR AGUILAR MEDICINA CR\u00cdTICA NICOLAS HENRY HURTADO NEFROLOG\u00cdA NICOLAS HENRY [&hellip;]<\/p>\n","protected":false},"author":2,"featured_media":0,"parent":0,"menu_order":0,"comment_status":"closed","ping_status":"open","template":"elementor_header_footer","meta":{"_monsterinsights_skip_tracking":false,"_monsterinsights_sitenote_active":false,"_monsterinsights_sitenote_note":"","_monsterinsights_sitenote_category":0},"_links":{"self":[{"href":"https:\/\/bellecorporecorporation.com\/index.php\/wp-json\/wp\/v2\/pages\/269"}],"collection":[{"href":"https:\/\/bellecorporecorporation.com\/index.php\/wp-json\/wp\/v2\/pages"}],"about":[{"href":"https:\/\/bellecorporecorporation.com\/index.php\/wp-json\/wp\/v2\/types\/page"}],"author":[{"embeddable":true,"href":"https:\/\/bellecorporecorporation.com\/index.php\/wp-json\/wp\/v2\/users\/2"}],"replies":[{"embeddable":true,"href":"https:\/\/bellecorporecorporation.com\/index.php\/wp-json\/wp\/v2\/comments?post=269"}],"version-history":[{"count":7,"href":"https:\/\/bellecorporecorporation.com\/index.php\/wp-json\/wp\/v2\/pages\/269\/revisions"}],"predecessor-version":[{"id":323,"href":"https:\/\/bellecorporecorporation.com\/index.php\/wp-json\/wp\/v2\/pages\/269\/revisions\/323"}],"wp:attachment":[{"href":"https:\/\/bellecorporecorporation.com\/index.php\/wp-json\/wp\/v2\/media?parent=269"}],"curies":[{"name":"wp","href":"https:\/\/api.w.org\/{rel}","templated":true}]}}